{"id":180,"date":"2022-01-27T13:20:25","date_gmt":"2022-01-27T12:20:25","guid":{"rendered":"https:\/\/www.bassi.bz\/home\/"},"modified":"2022-02-10T15:04:16","modified_gmt":"2022-02-10T14:04:16","slug":"home","status":"publish","type":"page","link":"https:\/\/www.bassi.bz\/de\/","title":{"rendered":"Home"},"content":{"rendered":"","protected":false},"excerpt":{"rendered":"","protected":false},"author":1,"featured_media":0,"parent":0,"menu_order":0,"comment_status":"closed","ping_status":"closed","template":"template-home.php","meta":{"footnotes":""},"class_list":["post-180","page","type-page","status-publish","hentry"],"acf":[],"yoast_head":"<!-- This site is optimized with the Yoast SEO plugin v19.9 - https:\/\/yoast.com\/wordpress\/plugins\/seo\/ -->\n<title>Die besten L\u00f6sungen<\/title>\n<meta name=\"description\" content=\"Wir finden die besten L\u00f6sungen, um Ihre Zeit und Ihren Raum sowohl im B\u00fcro als auch zu Hause dynamisch zu gestalten. Bassi, best Solution.\" \/>\n<meta name=\"robots\" content=\"index, follow, max-snippet:-1, max-image-preview:large, max-video-preview:-1\" \/>\n<link rel=\"canonical\" href=\"https:\/\/www.bassi.bz\/de\/\" \/>\n<meta property=\"og:locale\" content=\"de_DE\" \/>\n<meta property=\"og:type\" content=\"article\" \/>\n<meta property=\"og:title\" content=\"Die besten L\u00f6sungen\" \/>\n<meta property=\"og:description\" content=\"Wir finden die besten L\u00f6sungen, um Ihre Zeit und Ihren Raum sowohl im B\u00fcro als auch zu Hause dynamisch zu gestalten. Bassi, best Solution.\" \/>\n<meta property=\"og:url\" content=\"https:\/\/www.bassi.bz\/de\/\" \/>\n<meta property=\"og:site_name\" content=\"www.bassi.bz\" \/>\n<meta property=\"article:modified_time\" content=\"2022-02-10T14:04:16+00:00\" \/>\n<meta name=\"twitter:card\" content=\"summary_large_image\" \/>\n<script type=\"application\/ld+json\" class=\"yoast-schema-graph\">{\"@context\":\"https:\/\/schema.org\",\"@graph\":[{\"@type\":\"WebPage\",\"@id\":\"https:\/\/www.bassi.bz\/de\/\",\"url\":\"https:\/\/www.bassi.bz\/de\/\",\"name\":\"Die besten L\u00f6sungen\",\"isPartOf\":{\"@id\":\"https:\/\/www.bassi.bz\/de\/#website\"},\"datePublished\":\"2022-01-27T12:20:25+00:00\",\"dateModified\":\"2022-02-10T14:04:16+00:00\",\"description\":\"Wir finden die besten L\u00f6sungen, um Ihre Zeit und Ihren Raum sowohl im B\u00fcro als auch zu Hause dynamisch zu gestalten. Bassi, best Solution.\",\"breadcrumb\":{\"@id\":\"https:\/\/www.bassi.bz\/de\/#breadcrumb\"},\"inLanguage\":\"de\",\"potentialAction\":[{\"@type\":\"ReadAction\",\"target\":[\"https:\/\/www.bassi.bz\/de\/\"]}]},{\"@type\":\"BreadcrumbList\",\"@id\":\"https:\/\/www.bassi.bz\/de\/#breadcrumb\",\"itemListElement\":[{\"@type\":\"ListItem\",\"position\":1,\"name\":\"Startseite\",\"item\":\"https:\/\/www.bassi.bz\/de\/\"},{\"@type\":\"ListItem\",\"position\":2,\"name\":\"Home\"}]},{\"@type\":\"WebSite\",\"@id\":\"https:\/\/www.bassi.bz\/de\/#website\",\"url\":\"https:\/\/www.bassi.bz\/de\/\",\"name\":\"www.bassi.bz\",\"description\":\"\",\"potentialAction\":[{\"@type\":\"SearchAction\",\"target\":{\"@type\":\"EntryPoint\",\"urlTemplate\":\"https:\/\/www.bassi.bz\/de\/?s={search_term_string}\"},\"query-input\":\"required name=search_term_string\"}],\"inLanguage\":\"de\"}]}<\/script>\n<!-- \/ Yoast SEO plugin. -->","yoast_head_json":{"title":"Die besten L\u00f6sungen","description":"Wir finden die besten L\u00f6sungen, um Ihre Zeit und Ihren Raum sowohl im B\u00fcro als auch zu Hause dynamisch zu gestalten. Bassi, best Solution.","robots":{"index":"index","follow":"follow","max-snippet":"max-snippet:-1","max-image-preview":"max-image-preview:large","max-video-preview":"max-video-preview:-1"},"canonical":"https:\/\/www.bassi.bz\/de\/","og_locale":"de_DE","og_type":"article","og_title":"Die besten L\u00f6sungen","og_description":"Wir finden die besten L\u00f6sungen, um Ihre Zeit und Ihren Raum sowohl im B\u00fcro als auch zu Hause dynamisch zu gestalten. Bassi, best Solution.","og_url":"https:\/\/www.bassi.bz\/de\/","og_site_name":"www.bassi.bz","article_modified_time":"2022-02-10T14:04:16+00:00","twitter_card":"summary_large_image","schema":{"@context":"https:\/\/schema.org","@graph":[{"@type":"WebPage","@id":"https:\/\/www.bassi.bz\/de\/","url":"https:\/\/www.bassi.bz\/de\/","name":"Die besten L\u00f6sungen","isPartOf":{"@id":"https:\/\/www.bassi.bz\/de\/#website"},"datePublished":"2022-01-27T12:20:25+00:00","dateModified":"2022-02-10T14:04:16+00:00","description":"Wir finden die besten L\u00f6sungen, um Ihre Zeit und Ihren Raum sowohl im B\u00fcro als auch zu Hause dynamisch zu gestalten. Bassi, best Solution.","breadcrumb":{"@id":"https:\/\/www.bassi.bz\/de\/#breadcrumb"},"inLanguage":"de","potentialAction":[{"@type":"ReadAction","target":["https:\/\/www.bassi.bz\/de\/"]}]},{"@type":"BreadcrumbList","@id":"https:\/\/www.bassi.bz\/de\/#breadcrumb","itemListElement":[{"@type":"ListItem","position":1,"name":"Startseite","item":"https:\/\/www.bassi.bz\/de\/"},{"@type":"ListItem","position":2,"name":"Home"}]},{"@type":"WebSite","@id":"https:\/\/www.bassi.bz\/de\/#website","url":"https:\/\/www.bassi.bz\/de\/","name":"www.bassi.bz","description":"","potentialAction":[{"@type":"SearchAction","target":{"@type":"EntryPoint","urlTemplate":"https:\/\/www.bassi.bz\/de\/?s={search_term_string}"},"query-input":"required name=search_term_string"}],"inLanguage":"de"}]}},"_links":{"self":[{"href":"https:\/\/www.bassi.bz\/de\/wp-json\/wp\/v2\/pages\/180","targetHints":{"allow":["GET"]}}],"collection":[{"href":"https:\/\/www.bassi.bz\/de\/wp-json\/wp\/v2\/pages"}],"about":[{"href":"https:\/\/www.bassi.bz\/de\/wp-json\/wp\/v2\/types\/page"}],"author":[{"embeddable":true,"href":"https:\/\/www.bassi.bz\/de\/wp-json\/wp\/v2\/users\/1"}],"replies":[{"embeddable":true,"href":"https:\/\/www.bassi.bz\/de\/wp-json\/wp\/v2\/comments?post=180"}],"version-history":[{"count":2,"href":"https:\/\/www.bassi.bz\/de\/wp-json\/wp\/v2\/pages\/180\/revisions"}],"predecessor-version":[{"id":202,"href":"https:\/\/www.bassi.bz\/de\/wp-json\/wp\/v2\/pages\/180\/revisions\/202"}],"wp:attachment":[{"href":"https:\/\/www.bassi.bz\/de\/wp-json\/wp\/v2\/media?parent=180"}],"curies":[{"name":"wp","href":"https:\/\/api.w.org\/{rel}","templated":true}]}}